{"id":8207,"date":"2023-04-10T12:13:08","date_gmt":"2023-04-10T09:13:08","guid":{"rendered":"https:\/\/nutriest.eu\/product\/organic-grass-fed-desiccated-beef-liver-powder\/"},"modified":"2024-03-07T13:51:59","modified_gmt":"2024-03-07T11:51:59","slug":"vitamin-komplex-mineralstoffe-rinderleber","status":"publish","type":"product","link":"https:\/\/nutriest.eu\/de\/products\/vitamin-komplex-mineralstoffe-rinderleber\/","title":{"rendered":"Vitamin-Komplex und Mineralstoffe aus Rinderleber"},"content":{"rendered":"<p><strong>Warum ein Vitamin-Komplex aus Rinderleber? Traditionelle V\u00f6lker, amerikanische Ureinwohner und fr\u00fche Heiler glaubten, dass der Verzehr von Organen eines gesunden Tieres die Gesundheit des entsprechenden Organs des Individuums st\u00e4rken und unterst\u00fctzen w\u00fcrde.<\/strong><\/p>\n<p>Eine riesige Menge an N\u00e4hrstoffen: Rinderleber aus Weidehaltung, also von grasgef\u00fctterten Rindern, ist das n\u00e4hrstoffreichste Kraftpaket unter den Organfleischprodukten. Sie ist reich an Vitaminen, Mineralien, Enzymen, Co-Enzymen, Proteinen und Fetten. Rinderleber ist eine reichhaltige Quelle von vorgebildetem <strong>Vitamin A<\/strong>, bekannt als Retinol, und enth\u00e4lt ebenso wichtige fettl\u00f6sliche Vitamine wie <strong>D3, E und K2<\/strong>. Sie ist reich an bioverf\u00fcgbarem Vitamin <strong>B12<\/strong> und anderen Vitaminen des B-Komplexes wie <strong>B1, B2, B3, B6 und Fols\u00e4ure<\/strong>. Es ist auch eine wichtige Quelle f\u00fcr <strong>Cholin<\/strong> und enth\u00e4lt eine Vielzahl von leicht absorbierbaren Mineralien wie <strong>Eisen, Zink, Selen, Kupfer, Phosphor, Kalium, Magnesium und Mangan<\/strong>.<\/p>\n<p><strong>Gesundheitliche Vorteile von Rinderleber:<\/strong><\/p>\n<ul>\n<li><strong>Unterst\u00fctzt die Gesundheit von Gehirn, Herz und Leber.<\/strong><\/li>\n<li><strong>F\u00fcr starke Gelenke, Bindegewebe und gesundes Kollagen.<\/strong><\/li>\n<li><strong>F\u00fcr gesunde Haut, Zahnfleisch, Z\u00e4hne und Haare.<\/strong><\/li>\n<li><strong>Unterst\u00fctzt Energie, Stoffwechsel, Stimmung und Methylierung.<\/strong><\/li>\n<li><strong>Unterst\u00fctzt ein starkes Immunsystem.<\/strong><\/li>\n<\/ul>\n<p><strong>F\u00f6rdert die Gewichtsabnahme<\/strong><\/p>\n<p>Ges\u00fcndere Ern\u00e4hrungsgewohnheiten und die Aufnahme einer ausreichenden Menge an essentiellen N\u00e4hrstoffen sind entscheidend f\u00fcr die \u00dcberwindung von \u00dcbergewicht.<br \/>\nRinderleber ist die konzentrierteste Quelle f\u00fcr nahezu jeden N\u00e4hrstoff, einschlie\u00dflich wichtiger Vitamine, Mineralien und essentieller Aminos\u00e4uren. Eine ausreichende, qualitativ hochwertige und gut absorbierbare Zufuhr von Mineralien und Vitaminen reduziert den Hei\u00dfhunger und f\u00f6rdert die Gewichtsabnahme.<\/p>\n<p>Stellen Sie sicher, dass Sie gen\u00fcgend essentielle N\u00e4hrstoffe zu sich nehmen, damit Ihr K\u00f6rper zufrieden ist und Sie nicht \u00fcberm\u00e4\u00dfig naschen m\u00fcssen.<\/p>\n<p><strong>Beugt Eisenmangelan\u00e4mie vor<\/strong><\/p>\n<p>Viele der Symptome einer An\u00e4mie werden durch eine verminderte Sauerstoffzufuhr zu den lebenswichtigen Geweben und Organen des K\u00f6rpers verursacht. Zu den Symptomen k\u00f6nnen M\u00fcdigkeit und Energielosigkeit, Kurzatmigkeit, auff\u00e4llige Herzschl\u00e4ge (Herzklopfen) geh\u00f6ren. <strong>Eisen, Vitamin B-12 und Fols\u00e4ure<\/strong> sind f\u00fcr die Bildung roter Blutk\u00f6rperchen unerl\u00e4sslich, und Rinderleber enth\u00e4lt reichlich davon.<br \/>\nRinderleber enth\u00e4lt nat\u00fcrlich vorkommendes und hoch bioverf\u00fcgbares <strong>H\u00e4m-Eisen<\/strong>.<\/p>\n<p><strong>Unser Vitamin-Komplex verbessert Ihr Wohlbefinden<\/strong><\/p>\n<p>Rinderleber aus Weidehaltung verbessert die Gesundheit Ihrer Haut, N\u00e4gel, Haare, Gelenke und Ihres Immunsystems. Vitamin B-12 ist entscheidend f\u00fcr die Gesundheit des Nervengewebes, die Funktion des Gehirns und die Produktion roter Blutk\u00f6rperchen. Eisen erf\u00fcllt viele wichtige Funktionen im K\u00f6rper. Es ist vor allem an der \u00dcbertragung von Sauerstoff von den Lungen zu den K\u00f6rpergeweben beteiligt, um die grundlegenden Lebensfunktionen aufrechtzuerhalten. Vitamin A ist wichtig f\u00fcr die Erhaltung Ihres Augenlichts. Au\u00dferdem hat Rinderleber aus Weidehaltung ein g\u00fcnstiges Verh\u00e4ltnis von <strong>Omega-6 zu Omega-3<\/strong>. Diese essentiellen Fetts\u00e4uren spielen eine wichtige Rolle f\u00fcr die Entwicklung des Gehirns und die geistige Gesundheit. Mit unserem Vitamin-Komplex k\u00f6nnen Sie alle Vorteile dieser Mikron\u00e4hrstoffe genie\u00dfen.<\/p>\n","protected":false},"excerpt":{"rendered":"<p>Warum ein Vitamin-Komplex aus Rinderleber? Traditionelle V\u00f6lker, amerikanische Ureinwohner und fr\u00fche Heiler glaubten, dass der Verzehr von Organen eines gesunden Tieres die Gesundheit des entsprechenden Organs des Individuums st\u00e4rken und unterst\u00fctzen w\u00fcrde. Eine riesige Menge an N\u00e4hrstoffen: Rinderleber aus Weidehaltung, also von grasgef\u00fctterten Rindern, ist das n\u00e4hrstoffreichste Kraftpaket unter den Organfleischprodukten. Sie ist reich an [&hellip;]<\/p>\n","protected":false},"featured_media":21596,"template":"","meta":{"_acf_changed":false,"inline_featured_image":false},"product_brand":[],"product_cat":[102,111,101,112],"product_tag":[],"class_list":{"0":"post-8207","1":"product","2":"type-product","3":"status-publish","4":"has-post-thumbnail","6":"product_cat-energy-de","7":"product_cat-weight-loss-de","8":"product_cat-immunity-boost-de","9":"product_cat-muscle-growth-de","11":"first","12":"instock","13":"taxable","14":"shipping-taxable","15":"purchasable","16":"product-type-simple"},"bundled_by":[],"bundle_stock_status":"instock","bundle_stock_quantity":null,"bundle_virtual":false,"bundle_layout":"","bundle_add_to_cart_form_location":"","bundle_editable_in_cart":false,"bundle_sold_individually_context":"","bundle_item_grouping":"","bundle_min_size":"","bundle_max_size":"","bundle_price":[],"bundled_items":[],"bundle_sell_ids":[],"acf":[],"_links":{"self":[{"href":"https:\/\/nutriest.eu\/de\/wp-json\/wp\/v2\/product\/8207","targetHints":{"allow":["GET"]}}],"collection":[{"href":"https:\/\/nutriest.eu\/de\/wp-json\/wp\/v2\/product"}],"about":[{"href":"https:\/\/nutriest.eu\/de\/wp-json\/wp\/v2\/types\/product"}],"wp:featuredmedia":[{"embeddable":true,"href":"https:\/\/nutriest.eu\/de\/wp-json\/wp\/v2\/media\/21596"}],"wp:attachment":[{"href":"https:\/\/nutriest.eu\/de\/wp-json\/wp\/v2\/media?parent=8207"}],"wp:term":[{"taxonomy":"product_brand","embeddable":true,"href":"https:\/\/nutriest.eu\/de\/wp-json\/wp\/v2\/product_brand?post=8207"},{"taxonomy":"product_cat","embeddable":true,"href":"https:\/\/nutriest.eu\/de\/wp-json\/wp\/v2\/product_cat?post=8207"},{"taxonomy":"product_tag","embeddable":true,"href":"https:\/\/nutriest.eu\/de\/wp-json\/wp\/v2\/product_tag?post=8207"}],"curies":[{"name":"wp","href":"https:\/\/api.w.org\/{rel}","templated":true}]}}