{"id":8202,"date":"2023-04-10T12:16:36","date_gmt":"2023-04-10T09:16:36","guid":{"rendered":"https:\/\/nutriest.eu\/product\/organic-grass-fed-desiccated-beef-kidney-powder\/"},"modified":"2024-03-07T13:51:55","modified_gmt":"2024-03-07T11:51:55","slug":"vitamine-b-komplex-rindernierenpulver-weiderinder","status":"publish","type":"product","link":"https:\/\/nutriest.eu\/de\/products\/vitamine-b-komplex-rindernierenpulver-weiderinder\/","title":{"rendered":"Vitamine-B-Komplex aus Rindernieren von Weiderindern"},"content":{"rendered":"<p><strong>Warum einen Vitamine-B-Komplex`? Traditionelle V\u00f6lker, amerikanische Ureinwohner und fr\u00fche Heiler glaubten, dass der Verzehr von Organen eines gesunden Tieres die Gesundheit des entsprechenden Organs des Individuums st\u00e4rken und unterst\u00fctzen w\u00fcrde.<\/strong><\/p>\n<p><strong>Der Verzehr der Nieren eines gesunden Tieres sollte Harnwegsbeschwerden lindern, die Vitalit\u00e4t steigern und die allgemeine Nierengesundheit unterst\u00fctzen.<\/strong><\/p>\n<p>Rindernieren aus Weidehaltung sind besonders reich an Vitamin B12, Selen, Eisen, Kupfer, Phosphor und Zink. B12 ist entscheidend f\u00fcr die normale Funktion des Gehirns und des Nervensystems. Es ist auch an der Bildung roter Blutk\u00f6rperchen beteiligt und tr\u00e4gt zur Bildung und Regulierung der DNA bei. Der Stoffwechsel jeder Zelle im K\u00f6rper h\u00e4ngt von Vitamin B12 ab. Selen ist ein essentieller Mineralstoff, der f\u00fcr viele k\u00f6rperliche Prozesse wichtig ist, darunter die kognitive Funktion, ein gesundes Immunsystem und die Fruchtbarkeit bei M\u00e4nnern und Frauen. Selen tr\u00e4gt auch zum Stoffwechsel der Schilddr\u00fcsenhormone bei. Eisen tr\u00e4gt zur Bildung und Sauerstoffversorgung unserer Blutzellen und des H\u00e4moglobins bei. Die Hauptaufgabe von H\u00e4moglobin ist der Transport von Sauerstoff von der Lunge zum K\u00f6rpergewebe, um die grundlegenden Lebensfunktionen aufrechtzuerhalten. Eisen spielt eine wichtige Rolle bei dem Prozess, mit dem die Zellen Energie erzeugen.<\/p>\n<p class=\"_3tkn1 _208Ie blog-post-header-three-font blog-post-header-three-color _2QAo- _25MYV _1Fao9 ljrnk public-DraftStyleDefault-block-depth0 public-DraftStyleDefault-text-ltr\"><strong>Der Vitamine-B-Komplex hilft bei Histaminintoleranz<br \/>\n<\/strong>Eine Rinderniere ist reich an DAO. DAO ist eines der Enzyme, die Histamin abbauen.<\/p>\n<p>&gt;<br \/>\nEmpfohlene Verwendung:<\/p>\n<ul>\n<li>Nehmen Sie 10 Minuten vor histaminreichen Nahrungsmitteln ein.<\/li>\n<li>1 Teel\u00f6ffel pro Mahlzeit oder nach Anweisung eines Arztes.<\/li>\n<\/ul>\n","protected":false},"excerpt":{"rendered":"<p>Warum einen Vitamine-B-Komplex`? Traditionelle V\u00f6lker, amerikanische Ureinwohner und fr\u00fche Heiler glaubten, dass der Verzehr von Organen eines gesunden Tieres die Gesundheit des entsprechenden Organs des Individuums st\u00e4rken und unterst\u00fctzen w\u00fcrde. Der Verzehr der Nieren eines gesunden Tieres sollte Harnwegsbeschwerden lindern, die Vitalit\u00e4t steigern und die allgemeine Nierengesundheit unterst\u00fctzen. Rindernieren aus Weidehaltung sind besonders reich an [&hellip;]<\/p>\n","protected":false},"featured_media":21592,"template":"","meta":{"_acf_changed":false,"inline_featured_image":false},"product_brand":[],"product_cat":[106,101],"product_tag":[],"class_list":{"0":"post-8202","1":"product","2":"type-product","3":"status-publish","4":"has-post-thumbnail","6":"product_cat-allergies-de","7":"product_cat-immunity-boost-de","9":"first","10":"instock","11":"taxable","12":"shipping-taxable","13":"purchasable","14":"product-type-simple"},"bundled_by":[],"bundle_stock_status":"instock","bundle_stock_quantity":null,"bundle_virtual":false,"bundle_layout":"","bundle_add_to_cart_form_location":"","bundle_editable_in_cart":false,"bundle_sold_individually_context":"","bundle_item_grouping":"","bundle_min_size":"","bundle_max_size":"","bundle_price":[],"bundled_items":[],"bundle_sell_ids":[],"acf":[],"_links":{"self":[{"href":"https:\/\/nutriest.eu\/de\/wp-json\/wp\/v2\/product\/8202","targetHints":{"allow":["GET"]}}],"collection":[{"href":"https:\/\/nutriest.eu\/de\/wp-json\/wp\/v2\/product"}],"about":[{"href":"https:\/\/nutriest.eu\/de\/wp-json\/wp\/v2\/types\/product"}],"wp:featuredmedia":[{"embeddable":true,"href":"https:\/\/nutriest.eu\/de\/wp-json\/wp\/v2\/media\/21592"}],"wp:attachment":[{"href":"https:\/\/nutriest.eu\/de\/wp-json\/wp\/v2\/media?parent=8202"}],"wp:term":[{"taxonomy":"product_brand","embeddable":true,"href":"https:\/\/nutriest.eu\/de\/wp-json\/wp\/v2\/product_brand?post=8202"},{"taxonomy":"product_cat","embeddable":true,"href":"https:\/\/nutriest.eu\/de\/wp-json\/wp\/v2\/product_cat?post=8202"},{"taxonomy":"product_tag","embeddable":true,"href":"https:\/\/nutriest.eu\/de\/wp-json\/wp\/v2\/product_tag?post=8202"}],"curies":[{"name":"wp","href":"https:\/\/api.w.org\/{rel}","templated":true}]}}