{"id":8200,"date":"2023-04-10T12:17:23","date_gmt":"2023-04-10T09:17:23","guid":{"rendered":"https:\/\/nutriest.eu\/product\/advanced-probiotic-complex-with-12-strains\/"},"modified":"2025-02-25T11:23:56","modified_gmt":"2025-02-25T09:23:56","slug":"probiotika-kapseln-darm","status":"publish","type":"product","link":"https:\/\/nutriest.eu\/de\/products\/probiotika-kapseln-darm\/","title":{"rendered":"Probiotika-Kapseln f\u00fcr den Darm"},"content":{"rendered":"<p class=\"p1\"><span class=\"s1\">Warum Probiotika-Kapseln? Probiotika sind n\u00fctzliche Mikroorganismen, die von Natur aus in Ihrem K\u00f6rper und insbesondere in Ihrem Verdauungssystem vorkommen. Probiotika sind gute Darmbakterien, die dazu beitragen, das nat\u00fcrliche Gleichgewicht der Bakterien in Ihrem Darm, insbesondere im Verdauungstrakt, wiederherzustellen. Diese Mikroben sind der Schl\u00fcssel zur Erhaltung des Darmmikrobioms. Probiotische Bakterien sind an einer Vielzahl von Funktionen f\u00fcr den Darm beteiligt, von der Unterst\u00fctzung der Verdauung und der N\u00e4hrstoffaufnahme bis hin zur St\u00e4rkung des Immunsystems und der Produktion von Neurotransmittern. <\/span><\/p>\n<p class=\"p1\"><span class=\"s1\"><b>Stimmung verbessern und Stress abbauen<\/b><\/span><\/p>\n<p class=\"p1\"><span class=\"s1\">Die Bakterien im Darm produzieren Neurotransmitter, die die Botenstoffe Ihres K\u00f6rpers sind. Neurotransmitter helfen beim Schlaf, bei der Stimmung sowie bei der Kontrolle Ihrer Blasen- und Herzfunktion. Es ist bekannt, dass Stress die Darmbakterien st\u00f6rt, was die Menge und Funktion der Neurotransmitter beeintr\u00e4chtigen kann. Probiotische Nahrungserg\u00e4nzungsmittel k\u00f6nnen dazu beitragen, die Darmbakterien w\u00e4hrend und nach Stressperioden wieder anzusiedeln und verbessern nachweislich die Stimmung, den Schlaf und die kognitiven Funktionen.<\/span><\/p>\n<p class=\"p1\"><span class=\"s1\"><b>Unterst\u00fctzen Sie das Gleichgewicht der freundlichen Bakterien in Ihrem Verdauungssystem<\/b><\/span><\/p>\n<p class=\"p1\"><span class=\"s1\">Probiotika sind lebende Mikroorganismen, die beim Verzehr gesundheitliche Vorteile bieten k\u00f6nnen. Probiotika k\u00f6nnen dazu beitragen, das gesunde Gleichgewicht der Bakterien im Darm aufrechtzuerhalten und die Wiederbesiedlung mit gesunden Bakterien zu unterst\u00fctzen, wenn das Mikrobiom gest\u00f6rt ist. Ein Ungleichgewicht bedeutet, dass es zu viele schlechte Bakterien und nicht genug gute Bakterien gibt. Dies l\u00e4sst Raum f\u00fcr das \u00dcberwachsen von schlechten Bakterien, Viren und Pilzen. Dies kann durch Krankheiten, Medikamente wie Antibiotika, schlechte Ern\u00e4hrung und mehr geschehen. Die Folgen von zu vielen schlechten Bakterien k\u00f6nnen Verdauungsprobleme, Allergien, psychische Probleme, Fettleibigkeit und mehr sein. <\/span><\/p>\n<p class=\"p1\"><span class=\"s1\"><b>Helfen Sie Ihrem K\u00f6rper, die Nahrung zu verdauen<\/b><\/span><\/p>\n<p class=\"p1\"><span class=\"s1\">Unsere Probiotika-Kapseln (mit 12 Bakterienst\u00e4mmen) helfen, die n\u00fctzlichen Mikroben im Darm im Gleichgewicht zu halten, was die Aufnahme von N\u00e4hrstoffen aus der Nahrung unterst\u00fctzt. Insbesondere tragen einige St\u00e4mme von Lactobacillus und Bifidobacterium dazu bei, die Aufnahme von Eisen zu verbessern, einem wichtigen Mikron\u00e4hrstoff f\u00fcr die Blutbildung, die Bildung roter Blutk\u00f6rperchen und den Transport von Sauerstoff durch den K\u00f6rper. <\/span><\/p>\n<p class=\"p1\"><span class=\"s1\">Bestimmte Arten von guten Bakterien k\u00f6nnen auch:<\/span><\/p>\n<ul class=\"ul1\">\n<li class=\"li1\"><span class=\"s1\">Schlechte Bakterien daran hindern, au\u00dfer Kontrolle zu geraten und Sie krank zu machen.<\/span><\/li>\n<li class=\"li1\"><span class=\"s1\">Neue Vitamine bilden.<\/span><\/li>\n<li class=\"li1\"><span class=\"s1\">Verhindern, dass schlechte Bakterien in Ihr Blut gelangen.<\/span><\/li>\n<li class=\"li1\"><span class=\"s1\">Die Gesundheit der Haut unterst\u00fctzen<\/span><\/li>\n<\/ul>\n","protected":false},"excerpt":{"rendered":"<p>Warum Probiotika-Kapseln? Probiotika sind n\u00fctzliche Mikroorganismen, die von Natur aus in Ihrem K\u00f6rper und insbesondere in Ihrem Verdauungssystem vorkommen. Probiotika sind gute Darmbakterien, die dazu beitragen, das nat\u00fcrliche Gleichgewicht der Bakterien in Ihrem Darm, insbesondere im Verdauungstrakt, wiederherzustellen. Diese Mikroben sind der Schl\u00fcssel zur Erhaltung des Darmmikrobioms. Probiotische Bakterien sind an einer Vielzahl von Funktionen [&hellip;]<\/p>\n","protected":false},"featured_media":66502,"template":"","meta":{"_acf_changed":false,"inline_featured_image":false},"product_brand":[],"product_cat":[103,101,105],"product_tag":[],"class_list":{"0":"post-8200","1":"product","2":"type-product","3":"status-publish","4":"has-post-thumbnail","6":"product_cat-anxiety-stress-de","7":"product_cat-immunity-boost-de","8":"product_cat-digestion-gut-health-de","10":"first","11":"instock","12":"taxable","13":"shipping-taxable","14":"purchasable","15":"product-type-simple"},"bundled_by":["8187"],"bundle_stock_status":"instock","bundle_stock_quantity":0,"bundle_virtual":false,"bundle_layout":"","bundle_add_to_cart_form_location":"","bundle_editable_in_cart":false,"bundle_sold_individually_context":"","bundle_item_grouping":"","bundle_min_size":"","bundle_max_size":"","bundle_price":[],"bundled_items":[],"bundle_sell_ids":[],"acf":[],"_links":{"self":[{"href":"https:\/\/nutriest.eu\/de\/wp-json\/wp\/v2\/product\/8200","targetHints":{"allow":["GET"]}}],"collection":[{"href":"https:\/\/nutriest.eu\/de\/wp-json\/wp\/v2\/product"}],"about":[{"href":"https:\/\/nutriest.eu\/de\/wp-json\/wp\/v2\/types\/product"}],"wp:featuredmedia":[{"embeddable":true,"href":"https:\/\/nutriest.eu\/de\/wp-json\/wp\/v2\/media\/66502"}],"wp:attachment":[{"href":"https:\/\/nutriest.eu\/de\/wp-json\/wp\/v2\/media?parent=8200"}],"wp:term":[{"taxonomy":"product_brand","embeddable":true,"href":"https:\/\/nutriest.eu\/de\/wp-json\/wp\/v2\/product_brand?post=8200"},{"taxonomy":"product_cat","embeddable":true,"href":"https:\/\/nutriest.eu\/de\/wp-json\/wp\/v2\/product_cat?post=8200"},{"taxonomy":"product_tag","embeddable":true,"href":"https:\/\/nutriest.eu\/de\/wp-json\/wp\/v2\/product_tag?post=8200"}],"curies":[{"name":"wp","href":"https:\/\/api.w.org\/{rel}","templated":true}]}}