{"id":8197,"date":"2023-04-10T12:22:25","date_gmt":"2023-04-10T09:22:25","guid":{"rendered":"https:\/\/nutriest.eu\/product\/grass-fed-desiccated-beef-pancreas-supplement\/"},"modified":"2024-03-07T13:51:47","modified_gmt":"2024-03-07T11:51:47","slug":"vitamin-b-komplex-pankreas-weiderind","status":"publish","type":"product","link":"https:\/\/nutriest.eu\/de\/products\/vitamin-b-komplex-pankreas-weiderind\/","title":{"rendered":"Vitamin-B-Komplex aus der Pankreas vom Weiderind"},"content":{"rendered":"<p><strong>Warum ein Vitamin-B-Komplex? Traditionelle V\u00f6lker, amerikanische Ureinwohner und fr\u00fche Heiler glaubten, dass der Verzehr von Organen eines gesunden Tieres die Gesundheit des entsprechenden Organs des Individuums st\u00e4rken und unterst\u00fctzen w\u00fcrde.<\/strong><\/p>\n<p><strong>Hilft bei der Verdauung und N\u00e4hrstoffaufnahme<\/strong><\/p>\n<p>Die Enzyme der Bauchspeicheldr\u00fcse helfen bei der Aufspaltung von Fetten, Proteinen und Kohlenhydraten. Amylase ist ein Enzym, ein spezielles Protein, das von der Bauchspeicheldr\u00fcse produziert wird. Amylase spaltet die Kohlenhydrate in der Nahrung in Einfachzucker auf, den Ihr K\u00f6rper zur Energiegewinnung nutzen kann. Die Bauchspeicheldr\u00fcse produziert auch Lipase, die Fette in Fetts\u00e4uren aufspaltet. Diese Zucker und Fetts\u00e4uren k\u00f6nnen dann vom D\u00fcnndarm absorbiert werden. Wenn Sie nicht gen\u00fcgend Amylase haben, k\u00f6nnen Sie aufgrund unverdauter Kohlenhydrate Durchfall bekommen.<\/p>\n<p><strong>Vitamin-B-Komplex hilft bei Nahrungsmittelallergien<\/strong><\/p>\n<p>Die Bauchspeicheldr\u00fcse stellt auch Protease her. Proteasen bauen Proteine ab. Sie helfen, den Darm frei von Parasiten wie Bakterien, Hefen und Protozoen zu halten. Ein Mangel an Protease kann Allergien oder die Bildung von toxischen Substanzen aufgrund einer unvollst\u00e4ndigen Verdauung von Proteinen verursachen.<\/p>\n<p class=\"p1\">Die Bauchspeicheldr\u00fcse von mit Gras gef\u00fcttertem Rindfleisch ist reich an <strong>B-Vitaminen<\/strong> wie <strong>B12<\/strong>, <strong>Riboflavin<\/strong>, <strong>Niacin<\/strong>, <strong>Pantothens\u00e4ure<\/strong> und hoch bioverf\u00fcgbaren Mineralien wie <strong>Selen<\/strong>, <strong>Eisen<\/strong>, <strong>Phosphor<\/strong> und <strong>Zink<\/strong>. Vitamin B12 ist wichtig f\u00fcr die normale Funktion des Gehirns und des Nervensystems. Es ist auch an der Bildung roter Blutk\u00f6rperchen beteiligt und tr\u00e4gt zur Bildung und Regulierung der DNA bei. Selen ist ein essentieller Mineralstoff, der f\u00fcr viele k\u00f6rperliche Prozesse wichtig ist, darunter die kognitive Funktion, ein gesundes Immunsystem und die Fruchtbarkeit bei M\u00e4nnern und Frauen. Selen tr\u00e4gt auch zum Stoffwechsel der Schilddr\u00fcsenhormone bei. B-Vitamine sind wichtig, um sicherzustellen, dass die K\u00f6rperzellen richtig funktionieren. Sie helfen dem K\u00f6rper, die Nahrung in Energie umzuwandeln, neue Blutzellen zu bilden und gesunde Hautzellen, Gehirnzellen und andere K\u00f6rpergewebe zu erhalten.<\/p>\n<p>&gt;<\/p>\n","protected":false},"excerpt":{"rendered":"<p>Warum ein Vitamin-B-Komplex? Traditionelle V\u00f6lker, amerikanische Ureinwohner und fr\u00fche Heiler glaubten, dass der Verzehr von Organen eines gesunden Tieres die Gesundheit des entsprechenden Organs des Individuums st\u00e4rken und unterst\u00fctzen w\u00fcrde. Hilft bei der Verdauung und N\u00e4hrstoffaufnahme Die Enzyme der Bauchspeicheldr\u00fcse helfen bei der Aufspaltung von Fetten, Proteinen und Kohlenhydraten. Amylase ist ein Enzym, ein spezielles [&hellip;]<\/p>\n","protected":false},"featured_media":652,"template":"","meta":{"_acf_changed":false,"inline_featured_image":false},"product_brand":[],"product_cat":[106,105],"product_tag":[],"class_list":{"0":"post-8197","1":"product","2":"type-product","3":"status-publish","4":"has-post-thumbnail","6":"product_cat-allergies-de","7":"product_cat-digestion-gut-health-de","9":"first","10":"instock","11":"taxable","12":"shipping-taxable","13":"purchasable","14":"product-type-simple"},"bundled_by":["8187"],"bundle_stock_status":"instock","bundle_stock_quantity":null,"bundle_virtual":false,"bundle_layout":"","bundle_add_to_cart_form_location":"","bundle_editable_in_cart":false,"bundle_sold_individually_context":"","bundle_item_grouping":"","bundle_min_size":"","bundle_max_size":"","bundle_price":[],"bundled_items":[],"bundle_sell_ids":[],"acf":[],"_links":{"self":[{"href":"https:\/\/nutriest.eu\/de\/wp-json\/wp\/v2\/product\/8197","targetHints":{"allow":["GET"]}}],"collection":[{"href":"https:\/\/nutriest.eu\/de\/wp-json\/wp\/v2\/product"}],"about":[{"href":"https:\/\/nutriest.eu\/de\/wp-json\/wp\/v2\/types\/product"}],"wp:featuredmedia":[{"embeddable":true,"href":"https:\/\/nutriest.eu\/de\/wp-json\/wp\/v2\/media\/652"}],"wp:attachment":[{"href":"https:\/\/nutriest.eu\/de\/wp-json\/wp\/v2\/media?parent=8197"}],"wp:term":[{"taxonomy":"product_brand","embeddable":true,"href":"https:\/\/nutriest.eu\/de\/wp-json\/wp\/v2\/product_brand?post=8197"},{"taxonomy":"product_cat","embeddable":true,"href":"https:\/\/nutriest.eu\/de\/wp-json\/wp\/v2\/product_cat?post=8197"},{"taxonomy":"product_tag","embeddable":true,"href":"https:\/\/nutriest.eu\/de\/wp-json\/wp\/v2\/product_tag?post=8197"}],"curies":[{"name":"wp","href":"https:\/\/api.w.org\/{rel}","templated":true}]}}