{"id":32292,"date":"2025-10-14T13:20:56","date_gmt":"2025-10-14T10:20:56","guid":{"rendered":"https:\/\/nutriest.eu\/products\/grass-fed-bone-marrow-supplement\/"},"modified":"2025-10-27T00:41:34","modified_gmt":"2025-10-26T22:41:34","slug":"knochen-und-knochenmark","status":"publish","type":"product","link":"https:\/\/nutriest.eu\/de\/products\/knochen-und-knochenmark\/","title":{"rendered":"Knochen und Knochenmark von grasgef\u00fctterten Rindern"},"content":{"rendered":"<p>Knochen und Knochenmark geh\u00f6ren zu den konzentriertesten Quellen essenzieller N\u00e4hrstoffe. Sie bieten ein nat\u00fcrliches Gleichgewicht aus Mineralien, Vitaminen und gesunden Fetten, auf die der K\u00f6rper f\u00fcr Kraft und Regeneration angewiesen ist. Im Gegensatz zu isolierten synthetischen Nahrungserg\u00e4nzungsmitteln liefert Knochenmark diese N\u00e4hrstoffe in Form von Vollwertkost, wo sie zusammenwirken und so eine gr\u00f6\u00dfere Wirkung und bessere Aufnahme erzielen.<\/p>\n<p>Diese einzigartige Kombination aus Kalzium, Phosphor, Vitamin A, Vitamin B12, Kupfer und anderen Mikron\u00e4hrstoffen unterst\u00fctzt die Grundlagen der Gesundheit, von der Knochendichte und Gelenkbelastbarkeit bis hin zum Energieniveau und zur Immunabwehr. Knochenmark liefert auch kollagenunterst\u00fctzende Verbindungen, die zur Erhaltung flexibler Gelenke und gesunden Bindegewebes beitragen.<\/p>\n<h3>GESUNDHEITLICHE VORTEILE VON KNOCHENMARK:<\/h3>\n<ul>\n<li>St\u00e4rkt Knochen und Z\u00e4hne mit nat\u00fcrlichem Kalzium und Phosphor.<\/li>\n<li>Unterst\u00fctzt Gelenke und Bindegewebe durch die Bereitstellung wichtiger Bausteine f\u00fcr Kollagen.<\/li>\n<li>F\u00f6rdert den Energiestoffwechsel durch Vitamin B12 und Niacin.<\/li>\n<li>Tr\u00e4gt mit Vitamin A und Kupfer zur Immunabwehr bei.<\/li>\n<li>F\u00f6rdert die Gesundheit des Nervensystems durch Unterst\u00fctzung der normalen Neurotransmission und der Produktion roter Blutk\u00f6rperchen.<\/li>\n<li>Tr\u00e4gt zur Erhaltung der Hautvitalit\u00e4t durch fettl\u00f6sliche Vitamine und Mineralien bei, die die Reparatur und Erneuerung unterst\u00fctzen.<\/li>\n<\/ul>\n<p>Durch die Kombination von Knochen und Knochenmark in einer einfachen t\u00e4glichen Kapsel macht dieses Nahrungserg\u00e4nzungsmittel den Zugang zu einem der n\u00e4hrstoffreichsten Lebensmittel der Natur leicht \u2013 in einer reinen, praktischen und bioverf\u00fcgbaren Form.<\/p>\n","protected":false},"excerpt":{"rendered":"<p>Knochen und Knochenmark geh\u00f6ren zu den konzentriertesten Quellen essenzieller N\u00e4hrstoffe. Sie bieten ein nat\u00fcrliches Gleichgewicht aus Mineralien, Vitaminen und gesunden Fetten, auf die der K\u00f6rper f\u00fcr Kraft und Regeneration angewiesen ist. Im Gegensatz zu isolierten synthetischen Nahrungserg\u00e4nzungsmitteln liefert Knochenmark diese N\u00e4hrstoffe in Form von Vollwertkost, wo sie zusammenwirken und so eine gr\u00f6\u00dfere Wirkung und bessere [&hellip;]<\/p>\n","protected":false},"featured_media":29469,"template":"","meta":{"_acf_changed":false,"inline_featured_image":false},"product_brand":[],"product_cat":[102,118,101],"product_tag":[],"class_list":{"0":"post-32292","1":"product","2":"type-product","3":"status-publish","4":"has-post-thumbnail","6":"product_cat-energy-de","7":"product_cat-joint-pain-de","8":"product_cat-immunity-boost-de","10":"first","11":"instock","12":"taxable","13":"shipping-taxable","14":"purchasable","15":"product-type-simple"},"bundled_by":[],"bundle_stock_status":"instock","bundle_stock_quantity":null,"bundle_virtual":false,"bundle_layout":"","bundle_add_to_cart_form_location":"","bundle_editable_in_cart":false,"bundle_sold_individually_context":"","bundle_item_grouping":"","bundle_min_size":"","bundle_max_size":"","bundle_price":[],"bundled_items":[],"bundle_sell_ids":[],"acf":[],"_links":{"self":[{"href":"https:\/\/nutriest.eu\/de\/wp-json\/wp\/v2\/product\/32292","targetHints":{"allow":["GET"]}}],"collection":[{"href":"https:\/\/nutriest.eu\/de\/wp-json\/wp\/v2\/product"}],"about":[{"href":"https:\/\/nutriest.eu\/de\/wp-json\/wp\/v2\/types\/product"}],"wp:featuredmedia":[{"embeddable":true,"href":"https:\/\/nutriest.eu\/de\/wp-json\/wp\/v2\/media\/29469"}],"wp:attachment":[{"href":"https:\/\/nutriest.eu\/de\/wp-json\/wp\/v2\/media?parent=32292"}],"wp:term":[{"taxonomy":"product_brand","embeddable":true,"href":"https:\/\/nutriest.eu\/de\/wp-json\/wp\/v2\/product_brand?post=32292"},{"taxonomy":"product_cat","embeddable":true,"href":"https:\/\/nutriest.eu\/de\/wp-json\/wp\/v2\/product_cat?post=32292"},{"taxonomy":"product_tag","embeddable":true,"href":"https:\/\/nutriest.eu\/de\/wp-json\/wp\/v2\/product_tag?post=32292"}],"curies":[{"name":"wp","href":"https:\/\/api.w.org\/{rel}","templated":true}]}}