{"id":16844,"date":"2024-07-13T13:38:17","date_gmt":"2024-07-13T10:38:17","guid":{"rendered":"https:\/\/nutriest.eu\/products\/ox-bile-supplement\/"},"modified":"2024-10-08T15:09:02","modified_gmt":"2024-10-08T12:09:02","slug":"ochsengallen-supplement","status":"publish","type":"product","link":"https:\/\/nutriest.eu\/de\/products\/ochsengallen-supplement\/","title":{"rendered":"Ochsengallen-Supplement"},"content":{"rendered":"<p>Unser hochwertiges Nahrungserg\u00e4nzungsmittel aus Ochsengalle ist so formuliert, dass es die optimale Verdauungsgesundheit unterst\u00fctzt, indem es die Verdauung von Fetten f\u00f6rdert und die Aufnahme von essenziellen fettl\u00f6slichen Vitaminen und N\u00e4hrstoffen verbessert. Unser Nahrungserg\u00e4nzungsmittel aus Rindergalle wird aus hochwertigen Quellen gewonnen und ist so konzipiert, dass es Gallensalzm\u00e4ngel ausgleicht, die zu Malabsorption, Verdauungsbeschwerden und N\u00e4hrstoffm\u00e4ngeln f\u00fchren k\u00f6nnen.<\/p>\n<p><strong>Hauptvorteile:<\/strong><\/p>\n<ol>\n<li><b>Unterst\u00fctzt die Fettverdauung:<\/b> Ochsengalle ist f\u00fcr die Emulgierung und den Abbau von Nahrungsfetten von entscheidender Bedeutung, sorgt f\u00fcr eine effiziente Verdauung und beugt Verdauungsbeschwerden wie Bl\u00e4hungen und Bauchschmerzen vor.<\/li>\n<li><b>Verbessert die N\u00e4hrstoffaufnahme:<\/b> Ochsengalle erleichtert die Aufnahme von fettl\u00f6slichen Vitaminen (A, D, E, K), Omega-3-Fetts\u00e4uren und CoQ10 und beugt so Mangelerscheinungen vor, die zu verschiedenen Gesundheitsproblemen wie geschw\u00e4chtem Immunsystem, Hauterkrankungen und Muskelschw\u00e4che f\u00fchren k\u00f6nnen.<\/li>\n<li><b>Verhindert Gallensteine:<\/b> F\u00f6rdert einen gesunden Gallenfluss, verhindert die Bildung von Gallenschlamm und Gallensteinen und reduziert das Risiko einer Gallenblasenentz\u00fcndung.<\/li>\n<li><b>Reduziert Verstopfung:<\/b> Unterst\u00fctzt einen gesunden Stuhlgang, indem es Wasser in den Verdauungstrakt zieht, eine normale Stuhlkonsistenz f\u00f6rdert und Verstopfung lindert.<\/li>\n<li><b>F\u00f6rdert die Darmgesundheit:<\/b> H\u00e4lt den pH-Wert im Verdauungssystem im Gleichgewicht, neutralisiert die Magens\u00e4ure und sch\u00fctzt vor sch\u00e4dlichen Bakterien und Dysbiose, die zu Darmentz\u00fcndungen und Autoimmunerkrankungen f\u00fchren k\u00f6nnen.<\/li>\n<li><b>Unterst\u00fctzt die Leber und die Entgiftung:<\/b> Verhindert eine \u00fcberm\u00e4\u00dfige Fettansammlung in der Leber und unterst\u00fctzt den Entgiftungsprozess, indem es sich an Abfallprodukte bindet und deren Ausscheidung erleichtert.<\/li>\n<li><b>Steigert die Schilddr\u00fcsenfunktion:<\/b> Verbessert die Umwandlung von Thyroxin (T4) in Triiodthyronin (T3) und f\u00f6rdert so einen ausgeglichenen Schilddr\u00fcsenhormonspiegel, der den Stoffwechsel, die Energieproduktion und die Verdauungsfunktion reguliert.<\/li>\n<\/ol>\n<h3><strong>Warum sollten Sie unser Ochsengallen-Supplement w\u00e4hlen?<\/strong><\/h3>\n<ul>\n<li><b>Hochwertige Inhaltsstoffe:<\/b> Aus erstklassiger Rindergalle gewonnen, um die Wirksamkeit und Effektivit\u00e4t zu gew\u00e4hrleisten.<\/li>\n<li><b>Umfassende Unterst\u00fctzung:<\/b> Entwickelt, um mehrere Aspekte der Verdauungsgesundheit, der Leberfunktion und der N\u00e4hrstoffaufnahme zu ber\u00fccksichtigen.<\/li>\n<li><b>Ideal f\u00fcr Personen ohne Gallenblase:<\/b> Stellt essenzielle Gallensalze f\u00fcr Personen bereit, denen die <a href=\"https:\/\/de.wikipedia.org\/wiki\/Gallenblase\" target=\"_blank\" rel=\"noopener\">Gallenblase<\/a> operativ entfernt wurde, und unterst\u00fctzt eine normale Verdauung.<\/li>\n<\/ul>\n<h3><strong>Wer sollte Ochsengallen-Pr\u00e4parate einnehmen?<\/strong><\/h3>\n<ul>\n<li>Personen mit Gallensalzmangel, die unter einer tr\u00e4gen Verdauung, Magenschmerzen, Bl\u00e4hungen, Verstopfung oder N\u00e4hrstoffmangel leiden.<\/li>\n<li>Personen, denen die Gallenblase operativ entfernt wurde.<\/li>\n<li>Menschen mit Erkrankungen wie alkoholischer Fettleber, Mukoviszidose, prim\u00e4r bili\u00e4rer Zirrhose, Leberentz\u00fcndung, Schilddr\u00fcsenunterfunktion oder Psoriasis.<\/li>\n<li>Jeder, der die Fettverdauung verbessern, die N\u00e4hrstoffaufnahme steigern und die allgemeine Verdauungs- und Lebergesundheit unterst\u00fctzen m\u00f6chte.<\/li>\n<\/ul>\n<p><strong>Erleben Sie eine verbesserte Verdauungsgesundheit:<\/strong><\/p>\n<p>Nehmen Sie unser Ochsengallen-Supplement in Ihre t\u00e4gliche Routine auf, um eine verbesserte Verdauung, eine bessere N\u00e4hrstoffaufnahme und eine insgesamt verbesserte Gesundheit zu erleben. F\u00fchlen Sie sich nach den Mahlzeiten leichter und energiegeladener und unterst\u00fctzen Sie die nat\u00fcrlichen Entgiftungsprozesse Ihres K\u00f6rpers mit unserem hochwertigen Ochsengallen-Pr\u00e4parat.<\/p>\n","protected":false},"excerpt":{"rendered":"<p>Unser hochwertiges Nahrungserg\u00e4nzungsmittel aus Ochsengalle ist so formuliert, dass es die optimale Verdauungsgesundheit unterst\u00fctzt, indem es die Verdauung von Fetten f\u00f6rdert und die Aufnahme von essenziellen fettl\u00f6slichen Vitaminen und N\u00e4hrstoffen verbessert. Unser Nahrungserg\u00e4nzungsmittel aus Rindergalle wird aus hochwertigen Quellen gewonnen und ist so konzipiert, dass es Gallensalzm\u00e4ngel ausgleicht, die zu Malabsorption, Verdauungsbeschwerden und N\u00e4hrstoffm\u00e4ngeln f\u00fchren [&hellip;]<\/p>\n","protected":false},"featured_media":66497,"template":"","meta":{"_acf_changed":false,"inline_featured_image":false},"product_brand":[],"product_cat":[105],"product_tag":[],"class_list":{"0":"post-16844","1":"product","2":"type-product","3":"status-publish","4":"has-post-thumbnail","6":"product_cat-digestion-gut-health-de","8":"first","9":"instock","10":"taxable","11":"shipping-taxable","12":"purchasable","13":"product-type-simple"},"bundled_by":["8187"],"bundle_stock_status":"instock","bundle_stock_quantity":null,"bundle_virtual":false,"bundle_layout":"","bundle_add_to_cart_form_location":"","bundle_editable_in_cart":false,"bundle_sold_individually_context":"","bundle_item_grouping":"","bundle_min_size":"","bundle_max_size":"","bundle_price":[],"bundled_items":[],"bundle_sell_ids":[],"acf":[],"_links":{"self":[{"href":"https:\/\/nutriest.eu\/de\/wp-json\/wp\/v2\/product\/16844","targetHints":{"allow":["GET"]}}],"collection":[{"href":"https:\/\/nutriest.eu\/de\/wp-json\/wp\/v2\/product"}],"about":[{"href":"https:\/\/nutriest.eu\/de\/wp-json\/wp\/v2\/types\/product"}],"wp:featuredmedia":[{"embeddable":true,"href":"https:\/\/nutriest.eu\/de\/wp-json\/wp\/v2\/media\/66497"}],"wp:attachment":[{"href":"https:\/\/nutriest.eu\/de\/wp-json\/wp\/v2\/media?parent=16844"}],"wp:term":[{"taxonomy":"product_brand","embeddable":true,"href":"https:\/\/nutriest.eu\/de\/wp-json\/wp\/v2\/product_brand?post=16844"},{"taxonomy":"product_cat","embeddable":true,"href":"https:\/\/nutriest.eu\/de\/wp-json\/wp\/v2\/product_cat?post=16844"},{"taxonomy":"product_tag","embeddable":true,"href":"https:\/\/nutriest.eu\/de\/wp-json\/wp\/v2\/product_tag?post=16844"}],"curies":[{"name":"wp","href":"https:\/\/api.w.org\/{rel}","templated":true}]}}