{"id":13048,"date":"2024-05-13T11:53:34","date_gmt":"2024-05-13T08:53:34","guid":{"rendered":"https:\/\/nutriest.eu\/products\/wild-caught-marine-collagen-peptides\/"},"modified":"2024-05-24T12:55:40","modified_gmt":"2024-05-24T09:55:40","slug":"meereskollagen-peptide-aus-wildfang","status":"publish","type":"product","link":"https:\/\/nutriest.eu\/de\/products\/meereskollagen-peptide-aus-wildfang\/","title":{"rendered":"Meereskollagen-Peptide aus Wildfang"},"content":{"rendered":"<p class=\"p1\">Warum Meereskollagen? Kollagen, ein lebenswichtiges Protein sowohl beim Menschen als auch bei anderen S\u00e4ugetieren, macht einen betr\u00e4chtlichen Teil des Gesamtproteins in Ihrem K\u00f6rper aus, in der Regel zwischen 25 und 35 %. Unser Meereskollagen, das aus der Tiefsee stammt, besteht haupts\u00e4chlich aus Kollagen des Typs 1. Dieser Typ ist bekannt f\u00fcr seine F\u00e4higkeit, die Elastizit\u00e4t der Haut zu verbessern, das Auftreten von Falten zu reduzieren, die Gesundheit der Gelenke zu unterst\u00fctzen und Knochen, Sehnen und B\u00e4nder zu st\u00e4rken.<\/p>\n<p class=\"p1\">Au\u00dferdem tr\u00e4gt es zu einem ges\u00fcnderen Darm bei und hilft bei der Bek\u00e4mpfung von Entz\u00fcndungen. Unser Meerekollagen ist au\u00dferdem reich an essenziellen Aminos\u00e4uren wie Glycin und Prolin, die f\u00fcr die Kollagenproduktion und das allgemeine zellul\u00e4re Wohlbefinden entscheidend sind. Mit seinen zahlreichen Vorteilen bietet dieses Kollagen einen ganzheitlichen Ansatz zur Verbesserung Ihrer Gesundheit und Vitalit\u00e4t.<\/p>\n<p class=\"p4\"><strong>Meereskollagen unterst\u00fctzt die Gesundheit der Haut.<\/strong><\/p>\n<p>Die F\u00e4higkeit von Meereskollagen, die Gesundheit der Haut zu verbessern, ist einer seiner wichtigsten Vorteile. Eine Erh\u00f6hung des Typ-1-Kollagenspiegels kann dazu beitragen, dass die Haut straffer aussieht, glatter wird und sich die Hautzellen weiterhin normal erneuern und reparieren k\u00f6nnen. Klinische Studien haben gezeigt, dass Patienten, die Kollagen aus dem Meer zu sich nehmen, weniger Falten haben und ihre Haut besser mit Feuchtigkeit versorgen und fester machen. Die Kollagenproduktion nimmt mit zunehmendem Alter nat\u00fcrlich ab, aber die gute Nachricht ist, dass die Einnahme von Kollagen zur Erneuerung der Haut beitr\u00e4gt.<\/p>\n<p>Tierversuche haben ergeben, dass der Verzehr von Meereskollagen bei M\u00e4usen zur Erhaltung der Hautdicke beitr\u00e4gt, indem er die Anzahl und Aktivit\u00e4t von Hautfibroblasten oder Zellen in der Dermis, die Kollagen und andere Fasern produzieren, f\u00f6rdert.<\/p>\n<p class=\"p4\"><strong>F\u00f6rdert die Gesundheit des Gehirns. <\/strong><\/p>\n<p>Glycin macht etwa 20 Prozent der Aminos\u00e4uren im Kollagen aus. Es kann dazu beitragen, den Schlaf zu verbessern und hat hemmende Funktionen, die einer \u00fcberm\u00e4\u00dfigen Erregung im Gehirn entgegenwirken. So kann sich Ihr Geist beruhigen und konzentrieren.<\/p>\n<p><strong>F\u00f6rdert die Darmgesundheit.<\/strong><\/p>\n<p>Alles, von zu viel Stress bis hin zu einer schlechten Ern\u00e4hrung, kann das empfindliche Gewebe des Darms sch\u00e4digen. Dies tr\u00e4gt zum Leaky-Gut-Syndrom bei, einem Zustand, bei dem Fremdpartikel in den Blutkreislauf eindringen und im K\u00f6rper Verw\u00fcstungen anrichten k\u00f6nnen, was Entz\u00fcndungen und das Risiko f\u00fcr Autoimmunerkrankungen erh\u00f6ht. Meereskollagen ist nicht nur leicht verdaulich, sondern kann dank seines Aminos\u00e4ureprofils auch zur Unterst\u00fctzung Ihres Darms beitragen.<\/p>\n<p>Zwei Aminos\u00e4uren, Glycin und Glutamin, k\u00f6nnen besonders hilfreich sein, da sie beide eine Rolle bei der Unterst\u00fctzung des Gewebes spielen, das den Verdauungstrakt auskleidet. Glycin ist besonders hilfreich bei der Verringerung entz\u00fcndlicher Darmerkrankungen.<\/p>\n<p><strong>Verbessert die Wundheilung und reduziert Narben.<\/strong><\/p>\n<p>Eine Erg\u00e4nzung mit marinem Kollagen kann zu einer schnelleren und vollst\u00e4ndigeren Wundheilung f\u00fchren. Als Hauptbestandteil der dermalen Matrix der Haut ist Kollagen f\u00fcr die Regeneration der Haut nach Verletzungen oder Verformungen wie Narben, Hautausschl\u00e4gen und Verbrennungen notwendig.<\/p>\n<p><strong>F\u00f6rdert die Schlafqualit\u00e4t.<\/strong><\/p>\n<p>Die am h\u00e4ufigsten vorkommende Aminos\u00e4ure in marinem Kollagen, Glycin, hat vielversprechende schlaff\u00f6rdernde Eigenschaften. Eine Forschungsstudie ergab, dass die Einnahme von Glycin vor dem Schlafengehen dazu beitr\u00e4gt, ein zufriedenstellendes Niveau der selbst empfundenen Schlafqualit\u00e4t aufrechtzuerhalten.<\/p>\n<p>Die Studie deutet auch darauf hin, dass Glycin zur Aufrechterhaltung der K\u00f6rperkerntemperatur beitragen kann, was mit einem besseren Schlaf in Verbindung gebracht wird. Ein unregelm\u00e4\u00dfiges Ansteigen und Abfallen des Blutzuckerspiegels kann ebenfalls die Schlafqualit\u00e4t beeintr\u00e4chtigen, w\u00e4hrend marines Kollagen (das oft etwa 10 Gramm Protein pro Portion enth\u00e4lt) zur Aufrechterhaltung eines normalen Spiegels beitragen kann.<\/p>\n<p><strong>Unterst\u00fctzt die Wirkung Ihres Trainings.<\/strong><\/p>\n<p>Kollagen ist eine konzentrierte Quelle der Aminos\u00e4ure Glycin, die den K\u00f6rper bei der Produktion von Kreatin unterst\u00fctzt. Kreatin wiederum unterst\u00fctzt nachweislich die Muskelmasse und die Trainingsleistung. Es ist auch eine gute Quelle f\u00fcr Prolin, das als Antioxidans wirkt und hilft, Zellsch\u00e4den zu \u00fcberwachen, die nach dem Training Schmerzen verursachen k\u00f6nnen.<\/p>\n<p><strong>Meereskollagen f\u00f6rdert die Knochenst\u00e4rke.<\/strong><\/p>\n<p>Obwohl Meereskollagen keine Mineralien enth\u00e4lt, die man normalerweise mit der Gesundheit der Knochen in Verbindung bringt, haben Studien gezeigt, dass Meereskollagenpeptide die Absorption von Kalzium und anderen Mineralien f\u00f6rdern, die f\u00fcr die Knochenst\u00e4rke wichtig sind. Die Aufnahme wurde auch mit der Aktivit\u00e4t der Osteoblasten in Verbindung gebracht, Zellen im Knochen, die f\u00fcr die Synthese und Mineralisierung des Knochens verantwortlich sind.<\/p>\n<p>Die Einnahme von Nahrungserg\u00e4nzungsmitteln, die Meereskollagen enthalten, kann dazu beitragen, die Beweglichkeit und Flexibilit\u00e4t der Gelenke zu verbessern und gleichzeitig Gelenkschmerzen und Steifheit zu lindern.<\/p>\n","protected":false},"excerpt":{"rendered":"<p>Warum Meereskollagen? Kollagen, ein lebenswichtiges Protein sowohl beim Menschen als auch bei anderen S\u00e4ugetieren, macht einen betr\u00e4chtlichen Teil des Gesamtproteins in Ihrem K\u00f6rper aus, in der Regel zwischen 25 und 35 %. Unser Meereskollagen, das aus der Tiefsee stammt, besteht haupts\u00e4chlich aus Kollagen des Typs 1. Dieser Typ ist bekannt f\u00fcr seine F\u00e4higkeit, die Elastizit\u00e4t [&hellip;]<\/p>\n","protected":false},"featured_media":68641,"template":"","meta":{"_acf_changed":false,"inline_featured_image":false},"product_brand":[],"product_cat":[118],"product_tag":[],"class_list":{"0":"post-13048","1":"product","2":"type-product","3":"status-publish","4":"has-post-thumbnail","6":"product_cat-joint-pain-de","8":"first","9":"instock","10":"taxable","11":"shipping-taxable","12":"purchasable","13":"product-type-simple"},"bundled_by":[],"bundle_stock_status":"instock","bundle_stock_quantity":null,"bundle_virtual":false,"bundle_layout":"","bundle_add_to_cart_form_location":"","bundle_editable_in_cart":false,"bundle_sold_individually_context":"","bundle_item_grouping":"","bundle_min_size":"","bundle_max_size":"","bundle_price":[],"bundled_items":[],"bundle_sell_ids":[],"acf":[],"_links":{"self":[{"href":"https:\/\/nutriest.eu\/de\/wp-json\/wp\/v2\/product\/13048","targetHints":{"allow":["GET"]}}],"collection":[{"href":"https:\/\/nutriest.eu\/de\/wp-json\/wp\/v2\/product"}],"about":[{"href":"https:\/\/nutriest.eu\/de\/wp-json\/wp\/v2\/types\/product"}],"wp:featuredmedia":[{"embeddable":true,"href":"https:\/\/nutriest.eu\/de\/wp-json\/wp\/v2\/media\/68641"}],"wp:attachment":[{"href":"https:\/\/nutriest.eu\/de\/wp-json\/wp\/v2\/media?parent=13048"}],"wp:term":[{"taxonomy":"product_brand","embeddable":true,"href":"https:\/\/nutriest.eu\/de\/wp-json\/wp\/v2\/product_brand?post=13048"},{"taxonomy":"product_cat","embeddable":true,"href":"https:\/\/nutriest.eu\/de\/wp-json\/wp\/v2\/product_cat?post=13048"},{"taxonomy":"product_tag","embeddable":true,"href":"https:\/\/nutriest.eu\/de\/wp-json\/wp\/v2\/product_tag?post=13048"}],"curies":[{"name":"wp","href":"https:\/\/api.w.org\/{rel}","templated":true}]}}