{"id":8107,"date":"2023-02-09T09:10:24","date_gmt":"2023-02-09T07:10:24","guid":{"rendered":"https:\/\/nutriest.eu\/shipping-information\/"},"modified":"2024-04-20T14:27:46","modified_gmt":"2024-04-20T11:27:46","slug":"versand","status":"publish","type":"page","link":"https:\/\/nutriest.eu\/de\/versand\/","title":{"rendered":"Versand"},"content":{"rendered":"<p><strong>Wir versenden international.<\/strong><\/p>\n<p>Ihre Bestellung wird aus <strong>Estland (Europ\u00e4ische Union) verschickt. <\/strong><\/p>\n<p><strong>Kostenloser Versand f\u00fcr Bestellungen \u00fcber 150\u20ac (Europ\u00e4ische Union), 200\u20ac (Gro\u00dfbritannien). Es gibt bestimmte europ\u00e4ische Standorte (z.B. die Kanarischen Inseln), f\u00fcr die der kostenlose Versand m\u00f6glicherweise nicht gilt.<\/strong><\/p>\n<p>Wenn Sie eine Bestellung bei uns aufgeben, werden Sie sich freuen zu h\u00f6ren, dass wir bestrebt sind, diese sorgf\u00e4ltig zu verpacken und innerhalb von 1 Werktag zu versenden. Sie erhalten die Informationen zur Sendungsverfolgung per E-Mail, sobald die Ware unseren Betrieb verl\u00e4sst.<\/p>\n<p><strong>Unsere Versandpartner:<br \/>\n<img loading=\"lazy\" decoding=\"async\" class=\"alignnone size-full wp-image-710\" src=\"https:\/\/nutriest.eu\/wp-content\/uploads\/2023\/05\/shipping-partners.webp\" alt=\"\" width=\"3158\" height=\"431\" \/><br \/>\n<\/strong><\/p>\n","protected":false},"excerpt":{"rendered":"<p>Wir versenden international. Ihre Bestellung wird aus Estland (Europ\u00e4ische Union) verschickt. Kostenloser Versand f\u00fcr Bestellungen \u00fcber 150\u20ac (Europ\u00e4ische Union), 200\u20ac (Gro\u00dfbritannien). Es gibt bestimmte europ\u00e4ische Standorte (z.B. die Kanarischen Inseln), f\u00fcr die der kostenlose Versand m\u00f6glicherweise nicht gilt. Wenn Sie eine Bestellung bei uns aufgeben, werden Sie sich freuen zu h\u00f6ren, dass wir bestrebt sind, [&hellip;]<\/p>\n","protected":false},"author":1,"featured_media":0,"parent":0,"menu_order":24,"comment_status":"closed","ping_status":"closed","template":"","meta":{"_acf_changed":false,"inline_featured_image":false,"footnotes":""},"class_list":["post-8107","page","type-page","status-publish","hentry"],"acf":[],"_links":{"self":[{"href":"https:\/\/nutriest.eu\/de\/wp-json\/wp\/v2\/pages\/8107","targetHints":{"allow":["GET"]}}],"collection":[{"href":"https:\/\/nutriest.eu\/de\/wp-json\/wp\/v2\/pages"}],"about":[{"href":"https:\/\/nutriest.eu\/de\/wp-json\/wp\/v2\/types\/page"}],"author":[{"embeddable":true,"href":"https:\/\/nutriest.eu\/de\/wp-json\/wp\/v2\/users\/1"}],"replies":[{"embeddable":true,"href":"https:\/\/nutriest.eu\/de\/wp-json\/wp\/v2\/comments?post=8107"}],"version-history":[{"count":0,"href":"https:\/\/nutriest.eu\/de\/wp-json\/wp\/v2\/pages\/8107\/revisions"}],"wp:attachment":[{"href":"https:\/\/nutriest.eu\/de\/wp-json\/wp\/v2\/media?parent=8107"}],"curies":[{"name":"wp","href":"https:\/\/api.w.org\/{rel}","templated":true}]}}