{"id":8096,"date":"2023-02-08T14:19:28","date_gmt":"2023-02-08T12:19:28","guid":{"rendered":"https:\/\/nutriest.eu\/privacy-policy\/"},"modified":"2024-04-20T14:30:47","modified_gmt":"2024-04-20T11:30:47","slug":"datenschutz","status":"publish","type":"page","link":"https:\/\/nutriest.eu\/de\/datenschutz\/","title":{"rendered":"Datenschutz"},"content":{"rendered":"<p><b>1. Allgemeine Bestimmungen<\/b><\/p>\n<p>1.1. Diese Datenschutzrichtlinie regelt die Grunds\u00e4tze der Erhebung, Verarbeitung und Speicherung von personenbezogenen Daten. Die personenbezogenen Daten werden von Healthy Life O\u00dc verarbeitet und gespeichert, die der f\u00fcr die Verarbeitung der personenbezogenen Daten Verantwortliche ist (im Folgenden der f\u00fcr die Verarbeitung Verantwortliche).<\/p>\n<p>1.2. F\u00fcr die Zwecke dieser Datenschutzerkl\u00e4rung bezeichnet der Begriff &#8220;betroffene Person&#8221; den Kunden oder eine andere nat\u00fcrliche Person, deren personenbezogene Daten von dem f\u00fcr die Verarbeitung Verantwortlichen verarbeitet werden.<\/p>\n<p>1.3. Im Sinne dieser Datenschutzerkl\u00e4rung ist ein Kunde jeder, der auf der Website des f\u00fcr die Verarbeitung Verantwortlichen Waren oder Dienstleistungen kauft.<\/p>\n<p>1.4. Der f\u00fcr die Verarbeitung Verantwortliche beachtet die Grunds\u00e4tze der Gesetzgebung in Bezug auf die Verarbeitung personenbezogener Daten und verarbeitet personenbezogene Daten u.a. auf rechtm\u00e4\u00dfige, faire und sichere Weise. Der f\u00fcr die Verarbeitung Verantwortliche ist in der Lage zu erkl\u00e4ren, dass die Verarbeitung personenbezogener Daten in \u00dcbereinstimmung mit den gesetzlichen Bestimmungen erfolgt ist.<\/p>\n<p><b>2. Erhebung, Verarbeitung und Speicherung von personenbezogenen Daten<\/b><\/p>\n<p>2.1. Die von dem f\u00fcr die Verarbeitung Verantwortlichen erhobenen, verarbeiteten und gespeicherten personenbezogenen Daten wurden elektronisch erhoben, haupts\u00e4chlich \u00fcber die Website und per E-Mail.<\/p>\n<p>2.2. Durch die Weitergabe ihrer personenbezogenen Daten gew\u00e4hrt die betroffene Person dem f\u00fcr die Verarbeitung Verantwortlichen das Recht, die personenbezogenen Daten, die die betroffene Person dem f\u00fcr die Verarbeitung Verantwortlichen direkt oder indirekt beim Kauf von Waren oder Dienstleistungen auf der Website mitteilt, zu dem in der Datenschutzerkl\u00e4rung festgelegten Zweck zu erheben, zu ordnen, zu nutzen und zu verwalten.<\/p>\n<p>2.3. Die betroffene Person ist f\u00fcr die Genauigkeit, Richtigkeit und Vollst\u00e4ndigkeit der von ihr \u00fcbermittelten Daten verantwortlich. Die \u00dcbermittlung wissentlich falscher Daten wird als Versto\u00df gegen die Datenschutzbestimmungen angesehen. Die betroffene Person ist verpflichtet, den f\u00fcr die Verarbeitung Verantwortlichen unverz\u00fcglich \u00fcber jede \u00c4nderung der \u00fcbermittelten Daten zu informieren.<\/p>\n<p>2.4. Der f\u00fcr die Verarbeitung Verantwortliche haftet nicht f\u00fcr Sch\u00e4den oder Verluste, die der betroffenen Person oder einem Dritten infolge der \u00dcbermittlung falscher Daten durch die betroffene Person entstehen.<\/p>\n<p><b>3. Verarbeitung von personenbezogenen Daten von Kunden<\/b><\/p>\n<p>3.1. Der f\u00fcr die Verarbeitung Verantwortliche kann die folgenden personenbezogenen Daten der betroffenen Person verarbeiten:<\/p>\n<p>3.1.1. Vor- und Nachname;<\/p>\n<p>3.1.2. Geburtsdatum;<\/p>\n<p>3.1.3. Telefonnummer;<\/p>\n<p>3.1.4. E-Mail Adresse;<\/p>\n<p>3.1.5. Lieferadresse;<\/p>\n<p>3.1.6. Bankkontonummer;<\/p>\n<p>3.1.7. Angaben zur Zahlungskarte;<\/p>\n<p>3.2. Dar\u00fcber hinaus hat der f\u00fcr die Verarbeitung Verantwortliche das Recht, Daten \u00fcber den Kunden zu sammeln, die in \u00f6ffentlichen Registern verf\u00fcgbar sind.<\/p>\n<p>3.3. Die Rechtsgrundlage f\u00fcr die Verarbeitung personenbezogener Daten sind die Punkte (a), (b), (c) und (f) von Artikel 6(1) der Allgemeinen Datenschutzverordnung:<\/p>\n<p>(a) Die betroffene Person hat ihre Einwilligung zur Verarbeitung ihrer personenbezogenen Daten f\u00fcr einen oder mehrere bestimmte Zwecke gegeben;<\/p>\n<p>(b) die Verarbeitung ist f\u00fcr die Erf\u00fcllung eines Vertrags, dessen Vertragspartei die betroffene Person ist, oder f\u00fcr die Durchf\u00fchrung von Ma\u00dfnahmen erforderlich, die auf Antrag der betroffenen Person vor Abschluss eines Vertrags erfolgen;<\/p>\n<p>(c) die Verarbeitung ist f\u00fcr die Erf\u00fcllung einer rechtlichen Verpflichtung erforderlich, der der f\u00fcr die Verarbeitung Verantwortliche unterliegt;<\/p>\n<p>(f) die Verarbeitung ist zur Wahrung der berechtigten Interessen des f\u00fcr die Verarbeitung Verantwortlichen oder eines Dritten erforderlich, sofern nicht die Interessen oder Grundrechte und Grundfreiheiten der betroffenen Person, die den Schutz personenbezogener Daten erfordern, \u00fcberwiegen, insbesondere wenn es sich bei der betroffenen Person um ein Kind handelt.<\/p>\n<p>3.4. Verarbeitung personenbezogener Daten nach Ma\u00dfgabe des Zwecks der Verarbeitung:<\/p>\n<p>3.4.1. Zweck der Verarbeitung &#8211; Sicherheit und Schutz<\/p>\n<p>Die maximale Aufbewahrungsdauer der personenbezogenen Daten &#8211; gem\u00e4\u00df den gesetzlich festgelegten Bedingungen<\/p>\n<p>3.4.2. Zweck der Verarbeitung &#8211; die Bearbeitung von Auftr\u00e4gen<\/p>\n<p>Die maximale Aufbewahrungsdauer der personenbezogenen Daten &#8211; 5 Jahre<\/p>\n<p>3.4.3. Zweck der Verarbeitung &#8211; Gew\u00e4hrleistung des Funktionierens der Dienste des Online-Shops<\/p>\n<p>Die maximale Aufbewahrungsdauer der personenbezogenen Daten &#8211; 5 Jahre<\/p>\n<p>3.4.4. Zweck der Verarbeitung &#8211; Kundenverwaltung<\/p>\n<p>Die maximale Aufbewahrungsdauer der personenbezogenen Daten &#8211; 5 Jahre<\/p>\n<p>3.4.5. Zweck der Verarbeitung &#8211; finanzielle Aktivit\u00e4ten, Buchhaltung<\/p>\n<p>Die maximale Aufbewahrungsfrist f\u00fcr personenbezogene Daten &#8211; gem\u00e4\u00df den gesetzlich festgelegten Bedingungen<\/p>\n<p>3.4.6. Zweck der Verarbeitung &#8211; MarketingH\u00f6chstdauer der Speicherung personenbezogener Daten &#8211; 5 Jahre<\/p>\n<p>3.5. Der f\u00fcr die Verarbeitung Verantwortliche hat das Recht, die personenbezogenen Daten von Kunden an Dritte weiterzugeben, wie z.B. an Auftragsverarbeiter, Buchhalter, Transport- und Kurierunternehmen sowie an Unternehmen, die Transferleistungen erbringen. Der f\u00fcr die Verarbeitung Verantwortliche ist f\u00fcr die Verarbeitung der personenbezogenen Daten zust\u00e4ndig. Der f\u00fcr die Verarbeitung Verantwortliche \u00fcbermittelt die f\u00fcr die Durchf\u00fchrung von Zahlungen erforderlichen personenbezogenen Daten an den Auftragsverarbeiter, Maksekeskus AS.<\/p>\n<p>3.6. Der f\u00fcr die Verarbeitung Verantwortliche verarbeitet und speichert die personenbezogenen Daten der betroffenen Person unter Anwendung der organisatorischen und technischen Ma\u00dfnahmen, die gew\u00e4hrleisten, dass die personenbezogenen Daten gegen zuf\u00e4llige oder unrechtm\u00e4\u00dfige Zerst\u00f6rung, Ver\u00e4nderung, Weitergabe oder sonstige unrechtm\u00e4\u00dfige Verarbeitung gesch\u00fctzt sind.<\/p>\n<p>3.7. Der f\u00fcr die Verarbeitung Verantwortliche speichert die Daten der betroffenen Personen je nach dem Zweck der Verarbeitung, jedoch nicht l\u00e4nger als 5 Jahre.<\/p>\n<p><b>4. Rechte der betroffenen Person<\/b><\/p>\n<p>4.1. Die betroffene Person hat das Recht, Zugang zu ihren personenbezogenen Daten zu erhalten und diese zu \u00fcberpr\u00fcfen.<\/p>\n<p>4.2. Die betroffene Person hat das Recht, Informationen \u00fcber die Verarbeitung ihrer personenbezogenen Daten zu erhalten.<\/p>\n<p>4.3. Die betroffene Person hat das Recht, ungenaue Daten zu \u00e4ndern oder zu berichtigen.<\/p>\n<p>4.4. Wenn der f\u00fcr die Verarbeitung Verantwortliche die personenbezogenen Daten der betroffenen Person auf der Grundlage einer von dieser erteilten Einwilligung verarbeitet, hat die betroffene Person das Recht, ihre Einwilligung jederzeit zu widerrufen.<\/p>\n<p>4.5. Zur Aus\u00fcbung ihrer Rechte kann sich die betroffene Person an den Kundensupport des Online-Shops info@nutriest.eu wenden.<\/p>\n<p>4.6. Zum Schutz ihrer Rechte kann die betroffene Person eine Beschwerde bei der Datenschutzaufsichtsbeh\u00f6rde einreichen.<\/p>\n<p><b>5. Schlussbestimmungen<\/b><\/p>\n<p>5.1. Diese Datenschutzbestimmungen wurden in \u00dcbereinstimmung mit der Verordnung (EU) 2016\/679 des Europ\u00e4ischen Parlaments und des Rates zum Schutz nat\u00fcrlicher Personen bei der Verarbeitung personenbezogener Daten und zum freien Datenverkehr und zur Aufhebung der Richtlinie 95\/46\/EG (Datenschutz-Grundverordnung), dem Datenschutzgesetz der Republik Estland und den Rechtsvorschriften der Republik Estland und der Europ\u00e4ischen Union erstellt.<\/p>\n<p>5.2. Der f\u00fcr die Verarbeitung Verantwortliche hat das Recht, die Datenschutzbestimmungen ganz oder teilweise zu \u00e4ndern und die betroffenen Personen \u00fcber www.nutriest.eu \u00fcber die \u00c4nderungen zu benachrichtigen.<\/p>\n","protected":false},"excerpt":{"rendered":"<p>1. Allgemeine Bestimmungen 1.1. Diese Datenschutzrichtlinie regelt die Grunds\u00e4tze der Erhebung, Verarbeitung und Speicherung von personenbezogenen Daten. Die personenbezogenen Daten werden von Healthy Life O\u00dc verarbeitet und gespeichert, die der f\u00fcr die Verarbeitung der personenbezogenen Daten Verantwortliche ist (im Folgenden der f\u00fcr die Verarbeitung Verantwortliche). 1.2. F\u00fcr die Zwecke dieser Datenschutzerkl\u00e4rung bezeichnet der Begriff &#8220;betroffene [&hellip;]<\/p>\n","protected":false},"author":1,"featured_media":0,"parent":0,"menu_order":23,"comment_status":"closed","ping_status":"closed","template":"","meta":{"_acf_changed":false,"inline_featured_image":false,"footnotes":""},"class_list":["post-8096","page","type-page","status-publish","hentry"],"acf":[],"_links":{"self":[{"href":"https:\/\/nutriest.eu\/de\/wp-json\/wp\/v2\/pages\/8096","targetHints":{"allow":["GET"]}}],"collection":[{"href":"https:\/\/nutriest.eu\/de\/wp-json\/wp\/v2\/pages"}],"about":[{"href":"https:\/\/nutriest.eu\/de\/wp-json\/wp\/v2\/types\/page"}],"author":[{"embeddable":true,"href":"https:\/\/nutriest.eu\/de\/wp-json\/wp\/v2\/users\/1"}],"replies":[{"embeddable":true,"href":"https:\/\/nutriest.eu\/de\/wp-json\/wp\/v2\/comments?post=8096"}],"version-history":[{"count":0,"href":"https:\/\/nutriest.eu\/de\/wp-json\/wp\/v2\/pages\/8096\/revisions"}],"wp:attachment":[{"href":"https:\/\/nutriest.eu\/de\/wp-json\/wp\/v2\/media?parent=8096"}],"curies":[{"name":"wp","href":"https:\/\/api.w.org\/{rel}","templated":true}]}}