{"id":7943,"date":"2023-02-09T08:58:36","date_gmt":"2023-02-09T06:58:36","guid":{"rendered":"https:\/\/nutriest.eu\/agb\/"},"modified":"2023-10-11T12:35:23","modified_gmt":"2023-10-11T09:35:23","slug":"agb","status":"publish","type":"page","link":"https:\/\/nutriest.eu\/de\/agb\/","title":{"rendered":"AGB"},"content":{"rendered":"<div class=\"shopify-policy__title\"><\/div>\n<div class=\"shopify-policy__body\">\n<div class=\"rte\">\n<p>Der Eigent\u00fcmer des Online-Shops Healthy Life O\u00dc (im Folgenden als Online-Shop bezeichnet) ist 14575891 (Registrierungscode), mit Sitz in Estland, Tartu, Teguri 38b, 50107.<\/p>\n<p><b>G\u00fcltigkeit des Kaufvertrags, Produkt- und Preisinformationen<\/b><\/p>\n<p>Die Verkaufsbedingungen gelten f\u00fcr den Kauf von Waren aus dem Online-Shop.<\/p>\n<p>Die Preise der im Online-Shop verkauften Produkte sind neben den Produkten angegeben. Zum Preis wird eine Geb\u00fchr f\u00fcr den Versand hinzugerechnet.<\/p>\n<p>Die Versandkosten h\u00e4ngen vom Standort des K\u00e4ufers und von der Versandart ab. Die Versandkosten werden angezeigt, wenn der K\u00e4ufer die Bestellung aufgibt.<\/p>\n<p>Alle Preise sind in Euro (\u20ac) angegeben.<\/p>\n<p>Die Produktinformationen werden direkt neben dem Produkt im Online-Shop angezeigt.<\/p>\n<p><b>Durchf\u00fchrung einer Bestellung<\/b><\/p>\n<p>Legen Sie die gew\u00fcnschten Produkte in Ihren Einkaufskorb, um sie zu bestellen. F\u00fcllen Sie alle erforderlichen Felder aus und w\u00e4hlen Sie die am besten geeignete Versandart, um die Bestellung abzuschlie\u00dfen. Die Gesamtkosten werden dann auf dem Bildschirm angezeigt. Diese k\u00f6nnen Sie mit den folgenden Zahlungsmethoden sicher bezahlen:<\/p>\n<ul>\n<li>Paypal<\/li>\n<li>Visa \/ MasterCard-Kreditkartenzahlungen<\/li>\n<li>Estnische Bankverbindungen: Swedbank, SEB, Luminor, LHV, Coop Pank<\/li>\n<\/ul>\n<p>Wenn Sie per \u00dcberweisung auf eine unserer Bankverbindungen bezahlen, best\u00e4tigen Sie die Bestellung und klicken Sie dann auf die Schaltfl\u00e4che &#8216;Zur\u00fcck zum H\u00e4ndler&#8217;.<\/p>\n<p>Wenn wir die bestellte Ware nicht liefern k\u00f6nnen, weil der Vorrat ersch\u00f6pft ist oder aus einem anderen Grund, wird der K\u00e4ufer so schnell wie m\u00f6glich benachrichtigt und der gezahlte Betrag (einschlie\u00dflich der Versandkosten) wird umgehend, sp\u00e4testens jedoch innerhalb von 14 Tagen nach Erhalt der Benachrichtigung, zur\u00fcckerstattet.<\/p>\n<p><b>Versand<\/b><\/p>\n<p>Die Waren werden weltweit verschickt.<\/p>\n<p>Diese Optionen stehen f\u00fcr den Erhalt der Bestellung zur Verf\u00fcgung: DHL, DPD, GLS, Standardversand (Deutsche Post), SmartPost, Omniva<\/p>\n<p>Der K\u00e4ufer tr\u00e4gt die Versandkosten und die entsprechenden Preisinformationen werden neben der Versandart angezeigt.<\/p>\n<p>Alle Sendungen innerhalb der Europ\u00e4ischen Union treffen in der Regel innerhalb von 3 &#8211; 7 Werktagen nach Inkrafttreten des Kaufvertrags an dem vom K\u00e4ufer angegebenen Zielort ein. Alle Sendungen au\u00dferhalb der Europ\u00e4ischen Union kommen garantiert innerhalb von Kalendertagen an. In Ausnahmef\u00e4llen haben wir das Recht, die Ware innerhalb von bis zu 45 Kalendertagen zu versenden.<\/p>\n<p><b>Recht auf Widerruf<\/b><\/p>\n<p>Nach Erhalt der Bestellung hat der K\u00e4ufer das Recht, innerhalb von 14 Tagen von dem mit dem E-Store geschlossenen Vertrag zur\u00fcckzutreten.<\/p>\n<p>Das Widerrufsrecht gilt nicht, wenn der K\u00e4ufer eine juristische Person ist.<\/p>\n<p>Um das 14-t\u00e4gige Widerrufsrecht auszu\u00fcben, d\u00fcrfen Sie die bestellten Waren nur in der Weise verwenden, die erforderlich ist, um sich von der Beschaffenheit, den Eigenschaften und der Funktionsweise der Waren zu \u00fcberzeugen, wie es Ihnen in einem realen Gesch\u00e4ft m\u00f6glich w\u00e4re.<\/p>\n<p>Wenn die Ware zu einem anderen Zweck verwendet wurde, als es zur Gew\u00e4hrleistung der Beschaffenheit, der Eigenschaften und der Funktionsweise der Ware erforderlich ist, oder wenn Gebrauchs- oder Abnutzungserscheinungen vorliegen, hat der Online-Shop das Recht, den R\u00fcckgabebetrag entsprechend der Wertminderung der Ware zu mindern.<\/p>\n<p>Um die Ware zur\u00fcckzusenden, m\u00fcssen Sie innerhalb von 14 Tagen nach Erhalt der Ware eine Widerrufserkl\u00e4rung an die E-Mail-Adresse (<a class=\"js-no-transition\" href=\"mailto:info@nutriest.eu\">info@nutriest.eu<\/a>) senden.<\/p>\n<p>Der K\u00e4ufer tr\u00e4gt die Kosten der R\u00fccksendung der Waren, es sei denn, der Grund f\u00fcr die R\u00fccksendung liegt darin, dass ein erstattungsf\u00e4higes Produkt nicht der Bestellung entspricht (z. B. ein falsches oder defektes Produkt).<\/p>\n<p>Der K\u00e4ufer muss die Ware innerhalb von 14 Tagen nach Abgabe der Widerrufserkl\u00e4rung zur\u00fccksenden oder den Nachweis erbringen, dass er die Ware innerhalb der vorgenannten Frist an den Spediteur \u00fcbergeben hat.<\/p>\n<p>Nach Erhalt der zur\u00fcckgesandten Ware erstattet der Online-Shop dem K\u00e4ufer unverz\u00fcglich, sp\u00e4testens jedoch nach 14 Tagen, alle Zahlungen, die er aufgrund des Vertrags vom K\u00e4ufer erhalten hat.<\/p>\n<p>Der Online-Shop hat das Recht, die R\u00fcckzahlung zu verweigern, bis er die zur\u00fcckgesendeten Waren erhalten hat oder bis der K\u00e4ufer den Nachweis erbracht hat, dass er die Produkte zur\u00fcckgesendet hat, je nachdem, welches der fr\u00fchere Zeitpunkt ist.<\/p>\n<p>Wenn der K\u00e4ufer eindeutig eine andere Versandart als die vom Online-Shop angebotene g\u00fcnstigste \u00fcbliche Versandart gew\u00e4hlt hat, ist der Online-Shop nicht verpflichtet, die \u00fcber die \u00fcblichen Versandkosten hinausgehenden Kosten zu erstatten.<\/p>\n<p>Der Online-Shop hat das Recht, vom Verkauf zur\u00fcckzutreten und die Ware vom K\u00e4ufer zur\u00fcckzufordern, wenn der im Online-Shop ausgewiesene Preis der Ware aufgrund eines Fehlers deutlich unter dem Marktpreis der Ware liegt.<\/p>\n<p><b>Mangelhafte Ware<\/b><\/p>\n<p>Der Online-Shop haftet f\u00fcr die Nicht\u00fcbereinstimmung der an einen K\u00e4ufer verkauften Waren mit den Vertragsbedingungen oder f\u00fcr M\u00e4ngel, die bereits zum Zeitpunkt der Lieferung bestanden und die innerhalb von zwei Jahren nach der Lieferung der Waren an den K\u00e4ufer auftreten. Innerhalb der ersten sechs Monate nach der Lieferung wird davon ausgegangen, dass der Mangel bereits zum Zeitpunkt der Lieferung vorhanden war. Es obliegt dem Online-Shop, das Gegenteil zu beweisen.<\/p>\n<p>Der K\u00e4ufer hat das Recht, sich innerhalb von zwei Monaten nach dem Auftreten eines Mangels per E-Mail (info@nutriest.eu) oder telefonisch (+372 58048722) an den Online-Shop zu wenden.<\/p>\n<p>Der Online-Shop haftet nicht f\u00fcr M\u00e4ngel, die nach der Auslieferung der Ware an den K\u00e4ufer auftreten.<\/p>\n<p>Wenn bei dem Online-Shop gekaufte Waren M\u00e4ngel aufweisen, f\u00fcr die der Online-Shop verantwortlich ist, wird der Online-Shop die mangelhaften Waren reparieren oder ersetzen. Wenn die Ware nicht repariert oder ersetzt werden kann, erstattet der Online-Shop dem K\u00e4ufer alle Zahlungen im Zusammenhang mit dem Kaufvertrag.<\/p>\n<p>Das Online-Gesch\u00e4ft antwortet auf die Beschwerde des Verbrauchers schriftlich oder in einer Form, die eine schriftliche Wiedergabe erm\u00f6glicht, innerhalb von 15 Tagen.<\/p>\n<p><b>Direktmarketing und Verarbeitung personenbezogener Daten<\/b><\/p>\n<p>Der Online-Shop verwendet die vom K\u00e4ufer eingegebenen pers\u00f6nlichen Daten nur f\u00fcr die Bearbeitung der Bestellung und den Versand der Waren an den K\u00e4ufer. Der Online-Shop gibt die personenbezogenen Daten an den Transportdienstleister weiter, um die Waren zu liefern.<\/p>\n<p>Der Online-Shop sendet Newsletter und Angebote nur dann an die E-Mail-Adresse des K\u00e4ufers, wenn dieser durch Eingabe seiner E-Mail-Adresse auf der Website und Angabe seines Wunsches, Direktwerbung zu erhalten, seinen Wunsch ge\u00e4u\u00dfert hat.<\/p>\n<p>Der K\u00e4ufer kann die Zusendung von Angeboten und Newslettern an seine E-Mail-Adresse jederzeit abbestellen, indem er uns dies per E-Mail mitteilt oder indem er die Anweisungen in einer E-Mail mit einem Angebot befolgt.<\/p>\n<p><b>Schlichtung von Streitigkeiten<\/b><\/p>\n<p>Alle Beschwerden eines K\u00e4ufers \u00fcber den Online-Shop m\u00fcssen per E-Mail oder telefonisch eingereicht werden.<\/p>\n<p>Wenn der K\u00e4ufer und der Online-Shop nicht in der Lage sind, den Streitfall einvernehmlich beizulegen, kann sich der K\u00e4ufer an den Ausschuss f\u00fcr Verbraucherstreitigkeiten wenden. Der Ausschuss f\u00fcr Verbraucherstreitigkeiten ist f\u00fcr die Beilegung von Streitigkeiten zust\u00e4ndig, die sich aus einem Vertrag zwischen einem K\u00e4ufer und dem Online-Shop ergeben. Die Beilegung von Streitigkeiten durch den Verbraucherstreitbeilegungsausschuss ist f\u00fcr den K\u00e4ufer kostenlos.<\/p>\n<p>Ein K\u00e4ufer kann sich auch an die Streitbeilegungsstellen der Europ\u00e4ischen Union wenden.<\/p>\n<\/div>\n<\/div>\n","protected":false},"excerpt":{"rendered":"<p>Der Eigent\u00fcmer des Online-Shops Healthy Life O\u00dc (im Folgenden als Online-Shop bezeichnet) ist 14575891 (Registrierungscode), mit Sitz in Estland, Tartu, Teguri 38b, 50107. G\u00fcltigkeit des Kaufvertrags, Produkt- und Preisinformationen Die Verkaufsbedingungen gelten f\u00fcr den Kauf von Waren aus dem Online-Shop. Die Preise der im Online-Shop verkauften Produkte sind neben den Produkten angegeben. Zum Preis wird [&hellip;]<\/p>\n","protected":false},"author":1,"featured_media":0,"parent":0,"menu_order":22,"comment_status":"closed","ping_status":"closed","template":"","meta":{"_acf_changed":false,"inline_featured_image":false,"footnotes":""},"class_list":["post-7943","page","type-page","status-publish","hentry"],"acf":[],"_links":{"self":[{"href":"https:\/\/nutriest.eu\/de\/wp-json\/wp\/v2\/pages\/7943","targetHints":{"allow":["GET"]}}],"collection":[{"href":"https:\/\/nutriest.eu\/de\/wp-json\/wp\/v2\/pages"}],"about":[{"href":"https:\/\/nutriest.eu\/de\/wp-json\/wp\/v2\/types\/page"}],"author":[{"embeddable":true,"href":"https:\/\/nutriest.eu\/de\/wp-json\/wp\/v2\/users\/1"}],"replies":[{"embeddable":true,"href":"https:\/\/nutriest.eu\/de\/wp-json\/wp\/v2\/comments?post=7943"}],"version-history":[{"count":0,"href":"https:\/\/nutriest.eu\/de\/wp-json\/wp\/v2\/pages\/7943\/revisions"}],"wp:attachment":[{"href":"https:\/\/nutriest.eu\/de\/wp-json\/wp\/v2\/media?parent=7943"}],"curies":[{"name":"wp","href":"https:\/\/api.w.org\/{rel}","templated":true}]}}